{"id":1441,"date":"2026-04-08T01:40:31","date_gmt":"2026-04-07T18:40:31","guid":{"rendered":"https:\/\/stranger.vn\/?post_type=product&#038;p=1441"},"modified":"2026-04-09T23:13:29","modified_gmt":"2026-04-09T16:13:29","slug":"day-cap-dien-doi-mem-oval-dep-vcmo-daphaco","status":"publish","type":"product","link":"https:\/\/stranger.vn\/?product=day-cap-dien-doi-mem-oval-dep-vcmo-daphaco","title":{"rendered":"D\u00c2Y C\u00c1P \u0110I\u1ec6N \u0110\u00d4I M\u1ec0M OVAL D\u1eb8P VCMO DAPHACO"},"content":{"rendered":"","protected":false},"excerpt":{"rendered":"","protected":false},"featured_media":1408,"template":"","meta":{"_acf_changed":false},"product_brand":[],"product_cat":[15,16],"product_tag":[],"class_list":{"0":"post-1441","1":"product","2":"type-product","3":"status-publish","4":"has-post-thumbnail","6":"product_cat-thiet-bi-dien","7":"product_cat-day-dien-daphaco","9":"first","10":"instock","11":"shipping-taxable","12":"purchasable","13":"product-type-simple"},"acf":[],"_links":{"self":[{"href":"https:\/\/stranger.vn\/index.php?rest_route=\/wp\/v2\/product\/1441","targetHints":{"allow":["GET"]}}],"collection":[{"href":"https:\/\/stranger.vn\/index.php?rest_route=\/wp\/v2\/product"}],"about":[{"href":"https:\/\/stranger.vn\/index.php?rest_route=\/wp\/v2\/types\/product"}],"wp:featuredmedia":[{"embeddable":true,"href":"https:\/\/stranger.vn\/index.php?rest_route=\/wp\/v2\/media\/1408"}],"wp:attachment":[{"href":"https:\/\/stranger.vn\/index.php?rest_route=%2Fwp%2Fv2%2Fmedia&parent=1441"}],"wp:term":[{"taxonomy":"product_brand","embeddable":true,"href":"https:\/\/stranger.vn\/index.php?rest_route=%2Fwp%2Fv2%2Fproduct_brand&post=1441"},{"taxonomy":"product_cat","embeddable":true,"href":"https:\/\/stranger.vn\/index.php?rest_route=%2Fwp%2Fv2%2Fproduct_cat&post=1441"},{"taxonomy":"product_tag","embeddable":true,"href":"https:\/\/stranger.vn\/index.php?rest_route=%2Fwp%2Fv2%2Fproduct_tag&post=1441"}],"curies":[{"name":"wp","href":"https:\/\/api.w.org\/{rel}","templated":true}]}}