{"id":1433,"date":"2026-04-08T01:12:33","date_gmt":"2026-04-07T18:12:33","guid":{"rendered":"https:\/\/stranger.vn\/?post_type=product&#038;p=1433"},"modified":"2026-04-09T23:13:29","modified_gmt":"2026-04-09T16:13:29","slug":"day-cap-dien-luc-lo-dong-cvv-300-500v-daphaco","status":"publish","type":"product","link":"https:\/\/stranger.vn\/?product=day-cap-dien-luc-lo-dong-cvv-300-500v-daphaco","title":{"rendered":"D\u00c2Y C\u00c1P \u0110I\u1ec6N L\u1ef0C l\u00d5I \u0110\u1ed2NG CVV 300\/500V DAPHACO"},"content":{"rendered":"","protected":false},"excerpt":{"rendered":"","protected":false},"featured_media":1400,"template":"","meta":{"_acf_changed":false},"product_brand":[],"product_cat":[15,16],"product_tag":[],"class_list":{"0":"post-1433","1":"product","2":"type-product","3":"status-publish","4":"has-post-thumbnail","6":"product_cat-thiet-bi-dien","7":"product_cat-day-dien-daphaco","9":"first","10":"instock","11":"shipping-taxable","12":"purchasable","13":"product-type-simple"},"acf":[],"_links":{"self":[{"href":"https:\/\/stranger.vn\/index.php?rest_route=\/wp\/v2\/product\/1433","targetHints":{"allow":["GET"]}}],"collection":[{"href":"https:\/\/stranger.vn\/index.php?rest_route=\/wp\/v2\/product"}],"about":[{"href":"https:\/\/stranger.vn\/index.php?rest_route=\/wp\/v2\/types\/product"}],"wp:featuredmedia":[{"embeddable":true,"href":"https:\/\/stranger.vn\/index.php?rest_route=\/wp\/v2\/media\/1400"}],"wp:attachment":[{"href":"https:\/\/stranger.vn\/index.php?rest_route=%2Fwp%2Fv2%2Fmedia&parent=1433"}],"wp:term":[{"taxonomy":"product_brand","embeddable":true,"href":"https:\/\/stranger.vn\/index.php?rest_route=%2Fwp%2Fv2%2Fproduct_brand&post=1433"},{"taxonomy":"product_cat","embeddable":true,"href":"https:\/\/stranger.vn\/index.php?rest_route=%2Fwp%2Fv2%2Fproduct_cat&post=1433"},{"taxonomy":"product_tag","embeddable":true,"href":"https:\/\/stranger.vn\/index.php?rest_route=%2Fwp%2Fv2%2Fproduct_tag&post=1433"}],"curies":[{"name":"wp","href":"https:\/\/api.w.org\/{rel}","templated":true}]}}