{"id":1423,"date":"2026-04-08T00:57:04","date_gmt":"2026-04-07T17:57:04","guid":{"rendered":"https:\/\/stranger.vn\/?post_type=product&#038;p=1423"},"modified":"2026-04-09T11:51:47","modified_gmt":"2026-04-09T04:51:47","slug":"day-cap-dien-daphaco-cv-6-0","status":"publish","type":"product","link":"https:\/\/stranger.vn\/?product=day-cap-dien-daphaco-cv-6-0","title":{"rendered":"D\u00c2Y C\u00c1P \u0110I\u1ec6N DAPHACO CV 6.0"},"content":{"rendered":"","protected":false},"excerpt":{"rendered":"","protected":false},"featured_media":1388,"template":"","meta":{"_acf_changed":false},"product_brand":[],"product_cat":[15,16],"product_tag":[],"class_list":{"0":"post-1423","1":"product","2":"type-product","3":"status-publish","4":"has-post-thumbnail","6":"product_cat-thiet-bi-dien","7":"product_cat-day-dien-daphaco","9":"first","10":"instock","11":"shipping-taxable","12":"purchasable","13":"product-type-simple"},"acf":[],"_links":{"self":[{"href":"https:\/\/stranger.vn\/index.php?rest_route=\/wp\/v2\/product\/1423","targetHints":{"allow":["GET"]}}],"collection":[{"href":"https:\/\/stranger.vn\/index.php?rest_route=\/wp\/v2\/product"}],"about":[{"href":"https:\/\/stranger.vn\/index.php?rest_route=\/wp\/v2\/types\/product"}],"wp:featuredmedia":[{"embeddable":true,"href":"https:\/\/stranger.vn\/index.php?rest_route=\/wp\/v2\/media\/1388"}],"wp:attachment":[{"href":"https:\/\/stranger.vn\/index.php?rest_route=%2Fwp%2Fv2%2Fmedia&parent=1423"}],"wp:term":[{"taxonomy":"product_brand","embeddable":true,"href":"https:\/\/stranger.vn\/index.php?rest_route=%2Fwp%2Fv2%2Fproduct_brand&post=1423"},{"taxonomy":"product_cat","embeddable":true,"href":"https:\/\/stranger.vn\/index.php?rest_route=%2Fwp%2Fv2%2Fproduct_cat&post=1423"},{"taxonomy":"product_tag","embeddable":true,"href":"https:\/\/stranger.vn\/index.php?rest_route=%2Fwp%2Fv2%2Fproduct_tag&post=1423"}],"curies":[{"name":"wp","href":"https:\/\/api.w.org\/{rel}","templated":true}]}}