{"id":1368,"date":"2026-03-24T23:03:01","date_gmt":"2026-03-24T16:03:01","guid":{"rendered":"https:\/\/stranger.vn\/?post_type=product&#038;p=1368"},"modified":"2026-04-09T11:51:47","modified_gmt":"2026-04-09T04:51:47","slug":"day-cap-dien-cadivi-don-cv","status":"publish","type":"product","link":"https:\/\/stranger.vn\/?product=day-cap-dien-cadivi-don-cv","title":{"rendered":"D\u00c2Y C\u00c1P \u0110I\u1ec6N CADIVI \u0110\u01a0N CV"},"content":{"rendered":"<p>K\u00edch th\u01b0\u1edbc: \u0110\u1ee7 size<\/p>\n","protected":false},"excerpt":{"rendered":"<p>K\u00edch th\u01b0\u1edbc: \u0110\u1ee7 size<\/p>\n","protected":false},"featured_media":1345,"template":"","meta":{"_acf_changed":false},"product_brand":[],"product_cat":[19,15],"product_tag":[],"class_list":{"0":"post-1368","1":"product","2":"type-product","3":"status-publish","4":"has-post-thumbnail","6":"product_cat-day-dien-cadivi","7":"product_cat-thiet-bi-dien","8":"pa_duong-kinh-80","9":"pa_duong-kinh-76","10":"pa_duong-kinh-77","11":"pa_duong-kinh-78","12":"pa_duong-kinh-79","14":"first","15":"instock","16":"shipping-taxable","17":"purchasable","18":"product-type-simple"},"acf":[],"_links":{"self":[{"href":"https:\/\/stranger.vn\/index.php?rest_route=\/wp\/v2\/product\/1368","targetHints":{"allow":["GET"]}}],"collection":[{"href":"https:\/\/stranger.vn\/index.php?rest_route=\/wp\/v2\/product"}],"about":[{"href":"https:\/\/stranger.vn\/index.php?rest_route=\/wp\/v2\/types\/product"}],"wp:featuredmedia":[{"embeddable":true,"href":"https:\/\/stranger.vn\/index.php?rest_route=\/wp\/v2\/media\/1345"}],"wp:attachment":[{"href":"https:\/\/stranger.vn\/index.php?rest_route=%2Fwp%2Fv2%2Fmedia&parent=1368"}],"wp:term":[{"taxonomy":"product_brand","embeddable":true,"href":"https:\/\/stranger.vn\/index.php?rest_route=%2Fwp%2Fv2%2Fproduct_brand&post=1368"},{"taxonomy":"product_cat","embeddable":true,"href":"https:\/\/stranger.vn\/index.php?rest_route=%2Fwp%2Fv2%2Fproduct_cat&post=1368"},{"taxonomy":"product_tag","embeddable":true,"href":"https:\/\/stranger.vn\/index.php?rest_route=%2Fwp%2Fv2%2Fproduct_tag&post=1368"}],"curies":[{"name":"wp","href":"https:\/\/api.w.org\/{rel}","templated":true}]}}