{"id":72,"date":"2022-12-01T11:43:30","date_gmt":"2022-12-01T04:43:30","guid":{"rendered":"https:\/\/sonha.themevivu.net\/?page_id=72"},"modified":"2026-03-22T00:40:47","modified_gmt":"2026-03-21T17:40:47","slug":"catalogue","status":"publish","type":"page","link":"https:\/\/stranger.vn\/?page_id=72","title":{"rendered":"Catalogue"},"content":{"rendered":"<div class=\"row\"  id=\"row-1583023112\">\n\n\t<div id=\"col-1500408096\" class=\"col medium-3 small-6 large-3\"  >\n\t\t\t\t<div class=\"col-inner\"  >\n\t\t\t\n\t\t\t\n\t<div class=\"box has-hover   has-hover box-text-bottom\" >\n\n\t\t<div class=\"box-image\" >\n\t\t\t<a href=\"https:\/\/stranger.vn\/wp-content\/uploads\/2026\/03\/Bang-Gia-Catalogue-Panasonic-thang-1-2026.pdf\"  >\t\t\t<div class=\"\" >\n\t\t\t\t<img loading=\"lazy\" decoding=\"async\" width=\"396\" height=\"562\" src=\"https:\/\/stranger.vn\/wp-content\/uploads\/2026\/03\/bang-gia-catalogue-Thiet-bi-dien-Panasonic-thang-1-2026.jpg\" class=\"attachment- size-\" alt=\"\" srcset=\"https:\/\/stranger.vn\/wp-content\/uploads\/2026\/03\/bang-gia-catalogue-Thiet-bi-dien-Panasonic-thang-1-2026.jpg 396w, https:\/\/stranger.vn\/wp-content\/uploads\/2026\/03\/bang-gia-catalogue-Thiet-bi-dien-Panasonic-thang-1-2026-211x300.jpg 211w\" sizes=\"auto, (max-width: 396px) 100vw, 396px\" \/>\t\t\t\t\t\t\t\t\t\t\t<\/div>\n\t\t\t<\/a>\t\t<\/div>\n\n\t\t<div class=\"box-text text-center\" >\n\t\t\t<div class=\"box-text-inner\">\n\t\t\t\t\n<p><a href=\"https:\/\/stranger.vn\/wp-content\/uploads\/2026\/03\/Bang-Gia-Catalogue-Panasonic-thang-1-2026.pdf\"><span style=\"color: #000000;\"><strong>Catalogue Panasonic M\u1edbi Nh\u1ea5t 2026<\/strong><\/span><\/a><\/p>\n\t\t\t<\/div>\n\t\t<\/div>\n\t<\/div>\n\t\n\t\t<\/div>\n\t\t\t\t\t<\/div>\n\n\t\n\n\t<div id=\"col-325457460\" class=\"col medium-3 small-6 large-3\"  >\n\t\t\t\t<div class=\"col-inner\"  >\n\t\t\t\n\t\t\t\n\t<div class=\"box has-hover   has-hover box-text-bottom\" >\n\n\t\t<div class=\"box-image\" >\n\t\t\t<a href=\"https:\/\/stranger.vn\/wp-content\/uploads\/2026\/03\/catalogue-Cong-tac-o-cam-Panasonic-2025.pdf\"  >\t\t\t<div class=\"\" >\n\t\t\t\t<img loading=\"lazy\" decoding=\"async\" width=\"400\" height=\"568\" src=\"https:\/\/stranger.vn\/wp-content\/uploads\/2026\/03\/cong-tac-o-cam-Panasonic-2025.jpg\" class=\"attachment- size-\" alt=\"\" srcset=\"https:\/\/stranger.vn\/wp-content\/uploads\/2026\/03\/cong-tac-o-cam-Panasonic-2025.jpg 400w, https:\/\/stranger.vn\/wp-content\/uploads\/2026\/03\/cong-tac-o-cam-Panasonic-2025-211x300.jpg 211w\" sizes=\"auto, (max-width: 400px) 100vw, 400px\" \/>\t\t\t\t\t\t\t\t\t\t\t<\/div>\n\t\t\t<\/a>\t\t<\/div>\n\n\t\t<div class=\"box-text text-center\" >\n\t\t\t<div class=\"box-text-inner\">\n\t\t\t\t\n<h3><strong><span style=\"color: #000000;\"><a style=\"color: #000000;\" href=\"https:\/\/stranger.vn\/wp-content\/uploads\/2026\/03\/catalogue-Cong-tac-o-cam-Panasonic-2025.pdf\">B\u1ea3ng gi\u00e1 C\u00f4ng t\u1eafc \u1ed5 c\u1eafm Panasonic<\/a><\/span><\/strong><\/h3>\n\t\t\t<\/div>\n\t\t<\/div>\n\t<\/div>\n\t\n\t\t<\/div>\n\t\t\t\t\t<\/div>\n\n\t\n\n\t<div id=\"col-906892099\" class=\"col medium-3 small-6 large-3\"  >\n\t\t\t\t<div class=\"col-inner\"  >\n\t\t\t\n\t\t\t\n\t<div class=\"box has-hover   has-hover box-text-bottom\" >\n\n\t\t<div class=\"box-image\" >\n\t\t\t<a href=\"https:\/\/stranger.vn\/wp-content\/uploads\/2026\/03\/Bang-Gia-Aptomat-MCB-MCCB-RCBO-RCCB-Panasonic-2025.pdf\"  >\t\t\t<div class=\"\" >\n\t\t\t\t<img loading=\"lazy\" decoding=\"async\" width=\"394\" height=\"559\" src=\"https:\/\/stranger.vn\/wp-content\/uploads\/2026\/03\/catalogue-aptomat-Panasonic-e1627454066295.jpg\" class=\"attachment- size-\" alt=\"\" srcset=\"https:\/\/stranger.vn\/wp-content\/uploads\/2026\/03\/catalogue-aptomat-Panasonic-e1627454066295.jpg 394w, https:\/\/stranger.vn\/wp-content\/uploads\/2026\/03\/catalogue-aptomat-Panasonic-e1627454066295-211x300.jpg 211w\" sizes=\"auto, (max-width: 394px) 100vw, 394px\" \/>\t\t\t\t\t\t\t\t\t\t\t<\/div>\n\t\t\t<\/a>\t\t<\/div>\n\n\t\t<div class=\"box-text text-center\" >\n\t\t\t<div class=\"box-text-inner\">\n\t\t\t\t\n<h3><strong><span style=\"color: #000000;\"><a style=\"color: #000000;\" href=\"https:\/\/stranger.vn\/wp-content\/uploads\/2026\/03\/Bang-Gia-Aptomat-MCB-MCCB-RCBO-RCCB-Panasonic-2025.pdf\">Catalogue Aptomat, CB, MCB Panasonic<\/a><\/span><\/strong><\/h3>\n\t\t\t<\/div>\n\t\t<\/div>\n\t<\/div>\n\t\n\t\t<\/div>\n\t\t\t\t\t<\/div>\n\n\t\n\n\t<div id=\"col-983459609\" class=\"col medium-3 small-6 large-3\"  >\n\t\t\t\t<div class=\"col-inner\"  >\n\t\t\t\n\t\t\t\n\t<div class=\"box has-hover   has-hover box-text-bottom\" >\n\n\t\t<div class=\"box-image\" >\n\t\t\t<a href=\"https:\/\/stranger.vn\/wp-content\/uploads\/2026\/03\/bang_gia_san_pham_cadivi_thang_11_2025.pdf\"  >\t\t\t<div class=\"\" >\n\t\t\t\t<img loading=\"lazy\" decoding=\"async\" width=\"466\" height=\"659\" src=\"https:\/\/stranger.vn\/wp-content\/uploads\/2026\/03\/z7644757091357_f86c7662eed2cc1b5b0f254d73b4de8e.jpg\" class=\"attachment- size-\" alt=\"\" srcset=\"https:\/\/stranger.vn\/wp-content\/uploads\/2026\/03\/z7644757091357_f86c7662eed2cc1b5b0f254d73b4de8e.jpg 466w, https:\/\/stranger.vn\/wp-content\/uploads\/2026\/03\/z7644757091357_f86c7662eed2cc1b5b0f254d73b4de8e-212x300.jpg 212w\" sizes=\"auto, (max-width: 466px) 100vw, 466px\" \/>\t\t\t\t\t\t\t\t\t\t\t<\/div>\n\t\t\t<\/a>\t\t<\/div>\n\n\t\t<div class=\"box-text text-center\" >\n\t\t\t<div class=\"box-text-inner\">\n\t\t\t\t\n<p><strong><span style=\"color: #000000;\"><a style=\"color: #000000;\" href=\"https:\/\/stranger.vn\/wp-content\/uploads\/2026\/03\/bang_gia_san_pham_cadivi_thang_11_2025.pdf\">B\u1ea9ng gi\u00e1 d\u00e2y \u0111i\u1ec7n Cadivi<\/a><\/span><\/strong><\/p>\n\t\t\t<\/div>\n\t\t<\/div>\n\t<\/div>\n\t\n\t\t<\/div>\n\t\t\t\t\t<\/div>\n\n\t\n<\/div>\n<div class=\"row\"  id=\"row-207281431\">\n\n\t<div id=\"col-466786535\" class=\"col medium-3 small-6 large-3\"  >\n\t\t\t\t<div class=\"col-inner\"  >\n\t\t\t\n\t\t\t\n\t<div class=\"box has-hover   has-hover box-text-bottom\" >\n\n\t\t<div class=\"box-image\" >\n\t\t\t<a href=\"https:\/\/stranger.vn\/wp-content\/uploads\/2026\/03\/2026.03.10-BANG-GIA-SP-LION-1.pdf\"  >\t\t\t<div class=\"\" >\n\t\t\t\t<img loading=\"lazy\" decoding=\"async\" width=\"741\" height=\"1024\" src=\"https:\/\/stranger.vn\/wp-content\/uploads\/2026\/03\/LION_CATALOGUE_2025_Page_01-1-741x1024-1.jpg\" class=\"attachment- size-\" alt=\"\" srcset=\"https:\/\/stranger.vn\/wp-content\/uploads\/2026\/03\/LION_CATALOGUE_2025_Page_01-1-741x1024-1.jpg 741w, https:\/\/stranger.vn\/wp-content\/uploads\/2026\/03\/LION_CATALOGUE_2025_Page_01-1-741x1024-1-217x300.jpg 217w, https:\/\/stranger.vn\/wp-content\/uploads\/2026\/03\/LION_CATALOGUE_2025_Page_01-1-741x1024-1-510x705.jpg 510w\" sizes=\"auto, (max-width: 741px) 100vw, 741px\" \/>\t\t\t\t\t\t\t\t\t\t\t<\/div>\n\t\t\t<\/a>\t\t<\/div>\n\n\t\t<div class=\"box-text text-center\" >\n\t\t\t<div class=\"box-text-inner\">\n\t\t\t\t\n<p><span style=\"color: #000000;\"><strong><a style=\"color: #000000;\" href=\"https:\/\/stranger.vn\/wp-content\/uploads\/2026\/03\/2026.03.10-BANG-GIA-SP-LION-1.pdf\">B\u1ea3ng gi\u00e1 d\u00e2y \u0111i\u1ec7n Daphaco<\/a><\/strong><\/span><\/p>\n\t\t\t<\/div>\n\t\t<\/div>\n\t<\/div>\n\t\n\t\t<\/div>\n\t\t\t\t\t<\/div>\n\n\t\n\n\t<div id=\"col-124429733\" class=\"col medium-3 small-6 large-3\"  >\n\t\t\t\t<div class=\"col-inner\"  >\n\t\t\t\n\t\t\t\n\t<div class=\"box has-hover   has-hover box-text-bottom\" >\n\n\t\t<div class=\"box-image\" >\n\t\t\t<a href=\"https:\/\/stranger.vn\/wp-content\/uploads\/2026\/03\/banggiapanasonicmoinhat-8855.pdf\"  >\t\t\t<div class=\"\" >\n\t\t\t\t<img loading=\"lazy\" decoding=\"async\" width=\"420\" height=\"300\" src=\"https:\/\/stranger.vn\/wp-content\/uploads\/2026\/03\/IMG_5749.jpg\" class=\"attachment- size-\" alt=\"\" srcset=\"https:\/\/stranger.vn\/wp-content\/uploads\/2026\/03\/IMG_5749.jpg 420w, https:\/\/stranger.vn\/wp-content\/uploads\/2026\/03\/IMG_5749-300x214.jpg 300w\" sizes=\"auto, (max-width: 420px) 100vw, 420px\" \/>\t\t\t\t\t\t\t\t\t\t\t<\/div>\n\t\t\t<\/a>\t\t<\/div>\n\n\t\t<div class=\"box-text text-center\" >\n\t\t\t<div class=\"box-text-inner\">\n\t\t\t\t\n<p><a href=\"https:\/\/stranger.vn\/wp-content\/uploads\/2026\/03\/banggiapanasonicmoinhat-8855.pdf\"><span style=\"color: #000000;\"><strong>B\u1ea3ng gi\u00e1 Nanoco m\u1edbi nh\u1ea5t<\/strong><\/span><\/a><\/p>\n\t\t\t<\/div>\n\t\t<\/div>\n\t<\/div>\n\t\n\t\t<\/div>\n\t\t\t\t\t<\/div>\n\n\t\n\n\t<div id=\"col-904286461\" class=\"col medium-3 small-6 large-3\"  >\n\t\t\t\t<div class=\"col-inner\"  >\n\t\t\t\n\t\t\t\n\n\t\t<div class=\"icon-box featured-box icon-box-top text-left\"  >\n\t\t\t\t<div class=\"icon-box-text last-reset\">\n\t\t\t\t\t\t\t\t\t\n\t<div class=\"box has-hover   has-hover box-text-bottom\" >\n\n\t\t<div class=\"box-image\" >\n\t\t\t<a href=\"https:\/\/stranger.vn\/wp-content\/uploads\/2026\/03\/banggiaphukienupvcbinhminhmoinhat2023-1544.pdf\"  >\t\t\t<div class=\"\" >\n\t\t\t\t<img loading=\"lazy\" decoding=\"async\" width=\"420\" height=\"300\" src=\"https:\/\/stranger.vn\/wp-content\/uploads\/2026\/03\/IMG_5751.jpg\" class=\"attachment- size-\" alt=\"\" srcset=\"https:\/\/stranger.vn\/wp-content\/uploads\/2026\/03\/IMG_5751.jpg 420w, https:\/\/stranger.vn\/wp-content\/uploads\/2026\/03\/IMG_5751-300x214.jpg 300w\" sizes=\"auto, (max-width: 420px) 100vw, 420px\" \/>\t\t\t\t\t\t\t\t\t\t\t<\/div>\n\t\t\t<\/a>\t\t<\/div>\n\n\t\t<div class=\"box-text text-center\" >\n\t\t\t<div class=\"box-text-inner\">\n\t\t\t\t\n<p><span style=\"color: #000000;\"><a style=\"color: #000000;\" href=\"_wp_link_placeholder\" data-wplink-edit=\"true\"><strong>B\u1ea3ng gi\u00e1 ph\u1ee5 ki\u1ec7n \u1ed1ng n\u01b0\u1edbc PVC B\u00ecnh Minh<\/strong><\/a><\/span><\/p>\n\t\t\t<\/div>\n\t\t<\/div>\n\t<\/div>\n\t\n\t\t<\/div>\n\t<\/div>\n\t\n\t\n\t\t<\/div>\n\t\t\t\t\t<\/div>\n\n\t\n\n\t<div id=\"col-596964495\" class=\"col medium-3 small-6 large-3\"  >\n\t\t\t\t<div class=\"col-inner\"  >\n\t\t\t\n\t\t\t\n\t<div class=\"box has-hover   has-hover box-text-bottom\" >\n\n\t\t<div class=\"box-image\" >\n\t\t\t<a href=\"https:\/\/stranger.vn\/wp-content\/uploads\/2026\/03\/banggiaongnhuaupvcbinhminhmoinhat-2630.pdf\"  >\t\t\t<div class=\"\" >\n\t\t\t\t<img loading=\"lazy\" decoding=\"async\" width=\"600\" height=\"559\" src=\"https:\/\/stranger.vn\/wp-content\/uploads\/2026\/03\/bao-gia-ong-nhua-pvc-binh-minh.jpg\" class=\"attachment- size-\" alt=\"\" srcset=\"https:\/\/stranger.vn\/wp-content\/uploads\/2026\/03\/bao-gia-ong-nhua-pvc-binh-minh.jpg 600w, https:\/\/stranger.vn\/wp-content\/uploads\/2026\/03\/bao-gia-ong-nhua-pvc-binh-minh-300x280.jpg 300w, https:\/\/stranger.vn\/wp-content\/uploads\/2026\/03\/bao-gia-ong-nhua-pvc-binh-minh-510x475.jpg 510w\" sizes=\"auto, (max-width: 600px) 100vw, 600px\" \/>\t\t\t\t\t\t\t\t\t\t\t<\/div>\n\t\t\t<\/a>\t\t<\/div>\n\n\t\t<div class=\"box-text text-center\" >\n\t\t\t<div class=\"box-text-inner\">\n\t\t\t\t\n<p><a href=\"_wp_link_placeholder\" data-wplink-edit=\"true\"><strong><span style=\"color: #000000;\">B\u1ea3ng gi\u00e1 \u1ed1ng n\u01b0\u1edbc PVC B\u00ecnh Minh<\/span><\/strong><\/a><\/p>\n\t\t\t<\/div>\n\t\t<\/div>\n\t<\/div>\n\t\n\t\t<\/div>\n\t\t\t\t\t<\/div>\n\n\t\n<\/div>\n<div class=\"row\"  id=\"row-1834303247\">\n\n\t<div id=\"col-1532156989\" class=\"col medium-3 small-6 large-3\"  >\n\t\t\t\t<div class=\"col-inner\"  >\n\t\t\t\n\t\t\t\n\t<div class=\"box has-hover   has-hover box-text-bottom\" >\n\n\t\t<div class=\"box-image\" >\n\t\t\t<a href=\"https:\/\/stranger.vn\/wp-content\/uploads\/2026\/03\/banggiaphutungongnhuapprbinhminhmoinhat-9983.pdf\"  >\t\t\t<div class=\"\" >\n\t\t\t\t<img loading=\"lazy\" decoding=\"async\" width=\"420\" height=\"300\" src=\"https:\/\/stranger.vn\/wp-content\/uploads\/2026\/03\/IMG_5753.jpg\" class=\"attachment- size-\" alt=\"\" srcset=\"https:\/\/stranger.vn\/wp-content\/uploads\/2026\/03\/IMG_5753.jpg 420w, https:\/\/stranger.vn\/wp-content\/uploads\/2026\/03\/IMG_5753-300x214.jpg 300w\" sizes=\"auto, (max-width: 420px) 100vw, 420px\" \/>\t\t\t\t\t\t\t\t\t\t\t<\/div>\n\t\t\t<\/a>\t\t<\/div>\n\n\t\t<div class=\"box-text text-center\" >\n\t\t\t<div class=\"box-text-inner\">\n\t\t\t\t\n<h4><a href=\"_wp_link_placeholder\" data-wplink-edit=\"true\"><strong><span style=\"color: #000000;\">B\u1ea3ng gi\u00e1 ph\u1ee5 ki\u1ec7n \u1ed1ng n\u01b0\u1edbc PPR B\u00ecnh MInh<\/span><\/strong><\/a><\/h4>\n\t\t\t<\/div>\n\t\t<\/div>\n\t<\/div>\n\t\n\t\t<\/div>\n\t\t\t\t\t<\/div>\n\n\t\n\n\t<div id=\"col-1856243975\" class=\"col medium-3 small-6 large-3\"  >\n\t\t\t\t<div class=\"col-inner\"  >\n\t\t\t\n\t\t\t\n\t<div class=\"box has-hover   has-hover box-text-bottom\" >\n\n\t\t<div class=\"box-image\" >\n\t\t\t<a href=\"https:\/\/stranger.vn\/wp-content\/uploads\/2026\/03\/banggiathietbidienchneidermoinhat-5362.pdf\"  >\t\t\t<div class=\"\" >\n\t\t\t\t<img loading=\"lazy\" decoding=\"async\" width=\"756\" height=\"1053\" src=\"https:\/\/stranger.vn\/wp-content\/uploads\/2026\/03\/banggiathietbidienchneidermoinhat-5362-pdf-1.jpg\" class=\"attachment- size-\" alt=\"\" srcset=\"https:\/\/stranger.vn\/wp-content\/uploads\/2026\/03\/banggiathietbidienchneidermoinhat-5362-pdf-1.jpg 756w, https:\/\/stranger.vn\/wp-content\/uploads\/2026\/03\/banggiathietbidienchneidermoinhat-5362-pdf-1-215x300.jpg 215w, https:\/\/stranger.vn\/wp-content\/uploads\/2026\/03\/banggiathietbidienchneidermoinhat-5362-pdf-1-735x1024.jpg 735w, https:\/\/stranger.vn\/wp-content\/uploads\/2026\/03\/banggiathietbidienchneidermoinhat-5362-pdf-1-510x710.jpg 510w\" sizes=\"auto, (max-width: 756px) 100vw, 756px\" \/>\t\t\t\t\t\t\t\t\t\t\t<\/div>\n\t\t\t<\/a>\t\t<\/div>\n\n\t\t<div class=\"box-text text-center\" >\n\t\t\t<div class=\"box-text-inner\">\n\t\t\t\t\n<h4><a href=\"https:\/\/stranger.vn\/wp-content\/uploads\/2026\/03\/banggiathietbidienchneidermoinhat-5362.pdf\"><span style=\"color: #000000;\"><strong>Catalogue thi\u1ebft b\u1ecb \u0111i\u1ec7n Schneider<\/strong><\/span><\/a><\/h4>\n\t\t\t<\/div>\n\t\t<\/div>\n\t<\/div>\n\t\n\t\t<\/div>\n\t\t\t\t\t<\/div>\n\n\t\n\n\t<div id=\"col-1864719496\" class=\"col medium-3 small-6 large-3\"  >\n\t\t\t\t<div class=\"col-inner\"  >\n\t\t\t\n\t\t\t\n\t<div class=\"box has-hover   has-hover box-text-bottom\" >\n\n\t\t<div class=\"box-image\" >\n\t\t\t<a href=\"https:\/\/stranger.vn\/wp-content\/uploads\/2026\/03\/banggiathietbidienmpemoinhat-8004.pdf\"  >\t\t\t<div class=\"\" >\n\t\t\t\t<img loading=\"lazy\" decoding=\"async\" width=\"420\" height=\"300\" src=\"https:\/\/stranger.vn\/wp-content\/uploads\/2026\/03\/IMG_5755.jpg\" class=\"attachment- size-\" alt=\"\" srcset=\"https:\/\/stranger.vn\/wp-content\/uploads\/2026\/03\/IMG_5755.jpg 420w, https:\/\/stranger.vn\/wp-content\/uploads\/2026\/03\/IMG_5755-300x214.jpg 300w\" sizes=\"auto, (max-width: 420px) 100vw, 420px\" \/>\t\t\t\t\t\t\t\t\t\t\t<\/div>\n\t\t\t<\/a>\t\t<\/div>\n\n\t\t<div class=\"box-text text-center\" >\n\t\t\t<div class=\"box-text-inner\">\n\t\t\t\t\n<h4><a href=\"_wp_link_placeholder\" data-wplink-edit=\"true\"><span style=\"color: #000000;\"><strong>Catalogue Thi\u1ebft b\u1ecb \u0110i\u1ec7n MPE<\/strong><\/span><\/a><\/h4>\n\t\t\t<\/div>\n\t\t<\/div>\n\t<\/div>\n\t\n\t\t<\/div>\n\t\t\t\t\t<\/div>\n\n\t\n\n\t<div id=\"col-1229463185\" class=\"col medium-3 small-6 large-3\"  >\n\t\t\t\t<div class=\"col-inner\"  >\n\t\t\t\n\t\t\t\n\t<div class=\"box has-hover   has-hover box-text-bottom\" >\n\n\t\t<div class=\"box-image\" >\n\t\t\t<a href=\"https:\/\/stranger.vn\/wp-content\/uploads\/2026\/03\/o-cam-cong-tac-sino-150.pdf\"  >\t\t\t<div class=\"\" >\n\t\t\t\t<img loading=\"lazy\" decoding=\"async\" width=\"420\" height=\"300\" src=\"https:\/\/stranger.vn\/wp-content\/uploads\/2026\/03\/IMG_5756.jpg\" class=\"attachment- size-\" alt=\"\" srcset=\"https:\/\/stranger.vn\/wp-content\/uploads\/2026\/03\/IMG_5756.jpg 420w, https:\/\/stranger.vn\/wp-content\/uploads\/2026\/03\/IMG_5756-300x214.jpg 300w\" sizes=\"auto, (max-width: 420px) 100vw, 420px\" \/>\t\t\t\t\t\t\t\t\t\t\t<\/div>\n\t\t\t<\/a>\t\t<\/div>\n\n\t\t<div class=\"box-text text-center\" >\n\t\t\t<div class=\"box-text-inner\">\n\t\t\t\t\n<p><a href=\"https:\/\/stranger.vn\/wp-content\/uploads\/2026\/03\/o-cam-cong-tac-sino-150.pdf\"><span style=\"color: #000000;\"><strong>Catalogue Thi\u1ebft Bi \u0110i\u1ec7n MPE<\/strong><\/span><\/a><\/p>\n\t\t\t<\/div>\n\t\t<\/div>\n\t<\/div>\n\t\n\t\t<\/div>\n\t\t\t\t\t<\/div>\n\n\t\n<\/div>\n<div class=\"row\"  id=\"row-875527725\">\n\n\t<div id=\"col-1439041075\" class=\"col medium-3 small-6 large-3\"  >\n\t\t\t\t<div class=\"col-inner\"  >\n\t\t\t\n\t\t\t\n\t<div class=\"box has-hover   has-hover box-text-bottom\" >\n\n\t\t<div class=\"box-image\" >\n\t\t\t<a href=\"https:\/\/stranger.vn\/wp-content\/uploads\/2026\/03\/thiet-bi-cb-sino-9406.pdf\"  >\t\t\t<div class=\"\" >\n\t\t\t\t<img loading=\"lazy\" decoding=\"async\" width=\"420\" height=\"300\" src=\"https:\/\/stranger.vn\/wp-content\/uploads\/2026\/03\/IMG_5757.jpg\" class=\"attachment- size-\" alt=\"\" srcset=\"https:\/\/stranger.vn\/wp-content\/uploads\/2026\/03\/IMG_5757.jpg 420w, https:\/\/stranger.vn\/wp-content\/uploads\/2026\/03\/IMG_5757-300x214.jpg 300w\" sizes=\"auto, (max-width: 420px) 100vw, 420px\" \/>\t\t\t\t\t\t\t\t\t\t\t<\/div>\n\t\t\t<\/a>\t\t<\/div>\n\n\t\t<div class=\"box-text text-center\" >\n\t\t\t<div class=\"box-text-inner\">\n\t\t\t\t\n<p><a href=\"_wp_link_placeholder\" data-wplink-edit=\"true\"><span style=\"color: #000000;\"><strong>Catalogue MPB Sino<\/strong><\/span><\/a><\/p>\n\t\t\t<\/div>\n\t\t<\/div>\n\t<\/div>\n\t\n\t\t<\/div>\n\t\t\t\t\t<\/div>\n\n\t\n\n\t<div id=\"col-1210058804\" class=\"col medium-3 small-6 large-3\"  >\n\t\t\t\t<div class=\"col-inner\"  >\n\t\t\t\n\t\t\t\n\t<div class=\"box has-hover   has-hover box-text-bottom\" >\n\n\t\t<div class=\"box-image\" >\n\t\t\t<a href=\"https:\/\/stranger.vn\/wp-content\/uploads\/2026\/03\/ong-luon-day-dien-phu-kien-1097.pdf\"  >\t\t\t<div class=\"\" >\n\t\t\t\t<img loading=\"lazy\" decoding=\"async\" width=\"420\" height=\"300\" src=\"https:\/\/stranger.vn\/wp-content\/uploads\/2026\/03\/IMG_5758.jpg\" class=\"attachment- size-\" alt=\"\" srcset=\"https:\/\/stranger.vn\/wp-content\/uploads\/2026\/03\/IMG_5758.jpg 420w, https:\/\/stranger.vn\/wp-content\/uploads\/2026\/03\/IMG_5758-300x214.jpg 300w\" sizes=\"auto, (max-width: 420px) 100vw, 420px\" \/>\t\t\t\t\t\t\t\t\t\t\t<\/div>\n\t\t\t<\/a>\t\t<\/div>\n\n\t\t<div class=\"box-text text-center\" >\n\t\t\t<div class=\"box-text-inner\">\n\t\t\t\t\n<h4><span style=\"color: #000000;\"><strong><a style=\"color: #000000;\" href=\"https:\/\/stranger.vn\/wp-content\/uploads\/2026\/03\/ong-luon-day-dien-phu-kien-1097.pdf\">Catalogue \u1ed0ng Lu\u1ed3ng D\u00e2y \u0110i\u1ec7n<\/a><\/strong><\/span><\/h4>\n\t\t\t<\/div>\n\t\t<\/div>\n\t<\/div>\n\t\n\t\t<\/div>\n\t\t\t\t\t<\/div>\n\n\t\n\n\t<div id=\"col-2115670088\" class=\"col medium-3 small-6 large-3\"  >\n\t\t\t\t<div class=\"col-inner\"  >\n\t\t\t\n\t\t\t\n\t<div class=\"box has-hover   has-hover box-text-bottom\" >\n\n\t\t<div class=\"box-image\" >\n\t\t\t<a href=\"https:\/\/stranger.vn\/wp-content\/uploads\/2026\/03\/ong-luon-day-dien-phu-kien-1097.pdf\"  >\t\t\t<div class=\"\" >\n\t\t\t\t<img loading=\"lazy\" decoding=\"async\" width=\"368\" height=\"525\" src=\"https:\/\/stranger.vn\/wp-content\/uploads\/2026\/03\/Catalogue-chong-set-lan-truyen.jpg\" class=\"attachment- size-\" alt=\"\" srcset=\"https:\/\/stranger.vn\/wp-content\/uploads\/2026\/03\/Catalogue-chong-set-lan-truyen.jpg 368w, https:\/\/stranger.vn\/wp-content\/uploads\/2026\/03\/Catalogue-chong-set-lan-truyen-210x300.jpg 210w\" sizes=\"auto, (max-width: 368px) 100vw, 368px\" \/>\t\t\t\t\t\t\t\t\t\t\t<\/div>\n\t\t\t<\/a>\t\t<\/div>\n\n\t\t<div class=\"box-text text-center\" >\n\t\t\t<div class=\"box-text-inner\">\n\t\t\t\t\n<h3><span style=\"color: #000000;\"><strong><a style=\"color: #000000;\" href=\"https:\/\/stranger.vn\/wp-content\/uploads\/2026\/03\/ong-luon-day-dien-phu-kien-1097.pdf\">Ch\u1ed1ng s\u00e9t lan truy\u1ec1n Panasonic<\/a><\/strong><\/span><\/h3>\n\t\t\t<\/div>\n\t\t<\/div>\n\t<\/div>\n\t\n\t\t<\/div>\n\t\t\t\t\t<\/div>\n\n\t\n\n\t<div id=\"col-467396572\" class=\"col medium-3 small-6 large-3\"  >\n\t\t\t\t<div class=\"col-inner\"  >\n\t\t\t\n\t\t\t\n\t<div class=\"box has-hover   has-hover box-text-bottom\" >\n\n\t\t<div class=\"box-image\" >\n\t\t\t<a href=\"https:\/\/stranger.vn\/wp-content\/uploads\/2026\/03\/Bang-Gia-Quat-Hut-Thong-Gio-Panasonic-2025.pdf\"  >\t\t\t<div class=\"\" >\n\t\t\t\t<img loading=\"lazy\" decoding=\"async\" width=\"399\" height=\"564\" src=\"https:\/\/stranger.vn\/wp-content\/uploads\/2026\/03\/Bang-gia-quat-hut-panasonic.jpg\" class=\"attachment- size-\" alt=\"\" srcset=\"https:\/\/stranger.vn\/wp-content\/uploads\/2026\/03\/Bang-gia-quat-hut-panasonic.jpg 399w, https:\/\/stranger.vn\/wp-content\/uploads\/2026\/03\/Bang-gia-quat-hut-panasonic-212x300.jpg 212w\" sizes=\"auto, (max-width: 399px) 100vw, 399px\" \/>\t\t\t\t\t\t\t\t\t\t\t<\/div>\n\t\t\t<\/a>\t\t<\/div>\n\n\t\t<div class=\"box-text text-center\" >\n\t\t\t<div class=\"box-text-inner\">\n\t\t\t\t\n<h3><span style=\"color: #000000;\"><strong><a style=\"color: #000000;\" href=\"https:\/\/stranger.vn\/wp-content\/uploads\/2026\/03\/Bang-Gia-Quat-Hut-Thong-Gio-Panasonic-2025.pdf\">B\u1ea3ng gi\u00e1 qu\u1ea1t h\u00fat, th\u00f4ng gi\u00f3<\/a><\/strong><\/span><\/h3>\n\t\t\t<\/div>\n\t\t<\/div>\n\t<\/div>\n\t\n\t\t<\/div>\n\t\t\t\t\t<\/div>\n\n\t\n<\/div>\n","protected":false},"excerpt":{"rendered":"","protected":false},"author":1,"featured_media":0,"parent":0,"menu_order":0,"comment_status":"closed","ping_status":"closed","template":"page-right-sidebar.php","meta":{"_acf_changed":false,"footnotes":""},"class_list":["post-72","page","type-page","status-publish","hentry"],"acf":[],"_links":{"self":[{"href":"https:\/\/stranger.vn\/index.php?rest_route=\/wp\/v2\/pages\/72","targetHints":{"allow":["GET"]}}],"collection":[{"href":"https:\/\/stranger.vn\/index.php?rest_route=\/wp\/v2\/pages"}],"about":[{"href":"https:\/\/stranger.vn\/index.php?rest_route=\/wp\/v2\/types\/page"}],"author":[{"embeddable":true,"href":"https:\/\/stranger.vn\/index.php?rest_route=\/wp\/v2\/users\/1"}],"replies":[{"embeddable":true,"href":"https:\/\/stranger.vn\/index.php?rest_route=%2Fwp%2Fv2%2Fcomments&post=72"}],"version-history":[{"count":28,"href":"https:\/\/stranger.vn\/index.php?rest_route=\/wp\/v2\/pages\/72\/revisions"}],"predecessor-version":[{"id":1200,"href":"https:\/\/stranger.vn\/index.php?rest_route=\/wp\/v2\/pages\/72\/revisions\/1200"}],"wp:attachment":[{"href":"https:\/\/stranger.vn\/index.php?rest_route=%2Fwp%2Fv2%2Fmedia&parent=72"}],"curies":[{"name":"wp","href":"https:\/\/api.w.org\/{rel}","templated":true}]}}